{"id":14,"date":"2023-05-13T03:40:48","date_gmt":"2023-05-13T06:40:48","guid":{"rendered":"https:\/\/heapministries.com\/pt\/?page_id=14"},"modified":"2024-04-18T14:17:15","modified_gmt":"2024-04-18T17:17:15","slug":"sobre-nos","status":"publish","type":"page","link":"https:\/\/heapministries.com\/pt\/sobre-nos\/","title":{"rendered":"Sobre N\u00f3s"},"content":{"rendered":"\t\t<div data-elementor-type=\"wp-page\" data-elementor-id=\"14\" class=\"elementor elementor-14\" data-elementor-post-type=\"page\">\n\t\t\t\t<div class=\"elementor-element elementor-element-e119420 e-flex e-con-boxed wpr-particle-no wpr-jarallax-no wpr-parallax-no wpr-sticky-section-no e-con e-parent\" data-id=\"e119420\" data-element_type=\"container\" data-e-type=\"container\" data-settings=\"{&quot;background_background&quot;:&quot;classic&quot;}\">\n\t\t\t\t\t<div class=\"e-con-inner\">\n\t\t\t\t<div class=\"elementor-element elementor-element-665e1ca elementor-icon-list--layout-inline elementor-list-item-link-full_width elementor-widget elementor-widget-icon-list\" data-id=\"665e1ca\" data-element_type=\"widget\" data-e-type=\"widget\" data-widget_type=\"icon-list.default\">\n\t\t\t\t<div class=\"elementor-widget-container\">\n\t\t\t\t\t\t\t<ul class=\"elementor-icon-list-items elementor-inline-items\">\n\t\t\t\t\t\t\t<li class=\"elementor-icon-list-item elementor-inline-item\">\n\t\t\t\t\t\t\t\t\t\t\t<a href=\"https:\/\/heapministries.com\/pt\/\">\n\n\t\t\t\t\t\t\t\t\t\t\t\t<span class=\"elementor-icon-list-icon\">\n\t\t\t\t\t\t\t<i aria-hidden=\"true\" class=\"fas fa-home\"><\/i>\t\t\t\t\t\t<\/span>\n\t\t\t\t\t\t\t\t\t\t<span class=\"elementor-icon-list-text\">Home<\/span>\n\t\t\t\t\t\t\t\t\t\t\t<\/a>\n\t\t\t\t\t\t\t\t\t<\/li>\n\t\t\t\t\t\t\t\t<li class=\"elementor-icon-list-item elementor-inline-item\">\n\t\t\t\t\t\t\t\t\t\t\t<span class=\"elementor-icon-list-icon\">\n\t\t\t\t\t\t\t<i aria-hidden=\"true\" class=\"fas fa-angle-right\"><\/i>\t\t\t\t\t\t<\/span>\n\t\t\t\t\t\t\t\t\t\t<span class=\"elementor-icon-list-text\"><\/span>\n\t\t\t\t\t\t\t\t\t<\/li>\n\t\t\t\t\t\t<\/ul>\n\t\t\t\t\t\t<\/div>\n\t\t\t\t<\/div>\n\t\t\t\t\t<\/div>\n\t\t\t\t<\/div>\n\t\t<div class=\"elementor-element elementor-element-2810d21 e-flex e-con-boxed wpr-particle-no wpr-jarallax-no wpr-parallax-no wpr-sticky-section-no e-con e-parent\" data-id=\"2810d21\" data-element_type=\"container\" data-e-type=\"container\" data-settings=\"{&quot;background_background&quot;:&quot;classic&quot;}\">\n\t\t\t\t\t<div class=\"e-con-inner\">\n\t\t<div class=\"elementor-element elementor-element-9ac10c4 e-con-full e-flex wpr-particle-no wpr-jarallax-no wpr-parallax-no wpr-sticky-section-no e-con e-child\" data-id=\"9ac10c4\" data-element_type=\"container\" data-e-type=\"container\" data-settings=\"{&quot;motion_fx_motion_fx_scrolling&quot;:&quot;yes&quot;,&quot;motion_fx_devices&quot;:[&quot;desktop&quot;,&quot;tablet&quot;,&quot;mobile&quot;]}\">\n\t\t\t\t<div class=\"elementor-element elementor-element-6ed935b animated-slow elementor-invisible elementor-widget elementor-widget-text-editor\" data-id=\"6ed935b\" data-element_type=\"widget\" data-e-type=\"widget\" data-settings=\"{&quot;_animation&quot;:&quot;fadeInUp&quot;}\" data-widget_type=\"text-editor.default\">\n\t\t\t\t<div class=\"elementor-widget-container\">\n\t\t\t\t\t\t\t\t\t<p>O que voc\u00ea precisa saber sobre n\u00f3s:<\/p><p>O Minist\u00e9rio H.E.A.P. (H.E.A.P. Ministries, Inc.) \u00e9 uma organiza\u00e7\u00e3o sem fins lucrativos fundada em 2013 nos EUA.<\/p><p>Nosso objetivo principal \u00e9 ajudar e encorajar pastores da Igreja do Nazareno que est\u00e3o servindo de forma sacrificial.<\/p><p>Buscamos conectar pessoas dispostas a doar para o cuidado das fam\u00edlias pastorais com as necessidades reais que existem em diferentes regi\u00f5es do Brasil.<\/p><p>No in\u00edcio, n\u00e3o se imaginava que o Minist\u00e9rio H.E.A.P. seria capaz de receber doa\u00e7\u00f5es por mais de 10 anos.<\/p><p>No entanto, ap\u00f3s uma d\u00e9cada de servi\u00e7o \u00e0s fam\u00edlias pastorais, o minist\u00e9rio continua a crescer e a sonhar com uma rede de apoio cada vez maior para essas fam\u00edlias.<\/p><p>Embora a maioria dos doadores seja dos EUA, acreditamos que nos pr\u00f3ximos anos veremos um aumento no n\u00famero de brasileiros dispostos a contribuir para o cuidado das fam\u00edlias pastorais da Igreja do Nazareno.<\/p>\t\t\t\t\t\t\t\t<\/div>\n\t\t\t\t<\/div>\n\t\t\t\t<div class=\"elementor-element elementor-element-4a22273 elementor-tablet-align-center elementor-mobile-align-justify elementor-widget elementor-widget-button\" data-id=\"4a22273\" data-element_type=\"widget\" data-e-type=\"widget\" data-widget_type=\"button.default\">\n\t\t\t\t<div class=\"elementor-widget-container\">\n\t\t\t\t\t\t\t\t\t<div class=\"elementor-button-wrapper\">\n\t\t\t\t\t<a class=\"elementor-button elementor-button-link elementor-size-sm\" href=\"https:\/\/heapministries.com\/pt\/areas-de-atuacao\/\">\n\t\t\t\t\t\t<span class=\"elementor-button-content-wrapper\">\n\t\t\t\t\t\t<span class=\"elementor-button-icon\">\n\t\t\t\t<i aria-hidden=\"true\" class=\"fas fa-arrow-right\"><\/i>\t\t\t<\/span>\n\t\t\t\t\t\t\t\t\t<span class=\"elementor-button-text\">\u00c1reas de atua\u00e7\u00e3o<\/span>\n\t\t\t\t\t<\/span>\n\t\t\t\t\t<\/a>\n\t\t\t\t<\/div>\n\t\t\t\t\t\t\t\t<\/div>\n\t\t\t\t<\/div>\n\t\t\t\t<\/div>\n\t\t<div class=\"elementor-element elementor-element-c3e56e9 e-con-full e-flex wpr-particle-no wpr-jarallax-no wpr-parallax-no wpr-sticky-section-no e-con e-child\" data-id=\"c3e56e9\" data-element_type=\"container\" data-e-type=\"container\">\n\t\t\t\t<div class=\"elementor-element elementor-element-bf6bd14 elementor-widget elementor-widget-image\" data-id=\"bf6bd14\" data-element_type=\"widget\" data-e-type=\"widget\" data-widget_type=\"image.default\">\n\t\t\t\t<div class=\"elementor-widget-container\">\n\t\t\t\t\t\t\t\t\t\t\t\t\t\t\t<img fetchpriority=\"high\" decoding=\"async\" width=\"683\" height=\"760\" src=\"https:\/\/heapministries.com\/pt\/wp-content\/uploads\/2023\/06\/img-sobre-nos.png\" class=\"attachment-large size-large wp-image-337\" alt=\"\" srcset=\"https:\/\/heapministries.com\/pt\/wp-content\/uploads\/2023\/06\/img-sobre-nos.png 683w, https:\/\/heapministries.com\/pt\/wp-content\/uploads\/2023\/06\/img-sobre-nos-270x300.png 270w\" sizes=\"(max-width: 683px) 100vw, 683px\" \/>\t\t\t\t\t\t\t\t\t\t\t\t\t\t\t<\/div>\n\t\t\t\t<\/div>\n\t\t\t\t<\/div>\n\t\t\t\t\t<\/div>\n\t\t\t\t<\/div>\n\t\t<div class=\"elementor-element elementor-element-b70dbb3 e-flex e-con-boxed wpr-particle-no wpr-jarallax-no wpr-parallax-no wpr-sticky-section-no e-con e-parent\" data-id=\"b70dbb3\" data-element_type=\"container\" data-e-type=\"container\" data-settings=\"{&quot;background_background&quot;:&quot;classic&quot;}\">\n\t\t\t\t\t<div class=\"e-con-inner\">\n\t\t<div class=\"elementor-element elementor-element-8b067bb e-con-full e-flex wpr-particle-no wpr-jarallax-no wpr-parallax-no wpr-sticky-section-no e-con e-child\" data-id=\"8b067bb\" data-element_type=\"container\" data-e-type=\"container\">\n\t\t\t\t<div class=\"elementor-element elementor-element-f912d8b elementor-invisible elementor-widget elementor-widget-heading\" data-id=\"f912d8b\" data-element_type=\"widget\" data-e-type=\"widget\" data-settings=\"{&quot;_animation&quot;:&quot;fadeInUp&quot;}\" data-widget_type=\"heading.default\">\n\t\t\t\t<div class=\"elementor-widget-container\">\n\t\t\t\t\t<h2 class=\"elementor-heading-title elementor-size-default\">Estrutura<\/h2>\t\t\t\t<\/div>\n\t\t\t\t<\/div>\n\t\t\t\t<div class=\"elementor-element elementor-element-be2ccb1 animated-slow elementor-invisible elementor-widget elementor-widget-text-editor\" data-id=\"be2ccb1\" data-element_type=\"widget\" data-e-type=\"widget\" data-settings=\"{&quot;_animation&quot;:&quot;fadeInUp&quot;}\" data-widget_type=\"text-editor.default\">\n\t\t\t\t<div class=\"elementor-widget-container\">\n\t\t\t\t\t\t\t\t\t<p>Minist\u00e9rio H.E.A.P. \u00e9 registrado no estado de Kansas nos EUA. Ele \u00e9 composto de um conselho de homens e mulheres, ministros e leigos, das mais diversas \u00e1reas de atua\u00e7\u00e3o. Este conselho \u00e9 respons\u00e1vel pelas decis\u00f5es estrat\u00e9gicas da organiza\u00e7\u00e3o e o uso dos recursos recebidos atrav\u00e9s de doa\u00e7\u00f5es.<\/p><p>Al\u00e9m do conselho no EUA, h\u00e1 tamb\u00e9m um comit\u00ea no Brasil formado de homens e mulheres, ministros e leigos. O comit\u00ea brasileiro faz recomenda\u00e7\u00f5es ao conselho quanto ao uso dos recursos para necessidades emergenciais e preventivas e ent\u00e3o o conselho toma as decis\u00f5es finais. Todos os membros do conselho no EUA e do comit\u00ea no Brasil atuam como volunt\u00e1rios do Minist\u00e9rio H.E.A.P.<\/p>\t\t\t\t\t\t\t\t<\/div>\n\t\t\t\t<\/div>\n\t\t\t\t<\/div>\n\t\t\t\t\t<\/div>\n\t\t\t\t<\/div>\n\t\t<div class=\"elementor-element elementor-element-73b946a e-flex e-con-boxed wpr-particle-no wpr-jarallax-no wpr-parallax-no wpr-sticky-section-no e-con e-parent\" data-id=\"73b946a\" data-element_type=\"container\" data-e-type=\"container\" data-settings=\"{&quot;background_background&quot;:&quot;classic&quot;}\">\n\t\t\t\t\t<div class=\"e-con-inner\">\n\t\t<div class=\"elementor-element elementor-element-685b6d3 e-con-full e-flex wpr-particle-no wpr-jarallax-no wpr-parallax-no wpr-sticky-section-no e-con e-child\" data-id=\"685b6d3\" data-element_type=\"container\" data-e-type=\"container\">\n\t\t\t\t<div class=\"elementor-element elementor-element-281a650 elementor-widget elementor-widget-image\" data-id=\"281a650\" data-element_type=\"widget\" data-e-type=\"widget\" data-widget_type=\"image.default\">\n\t\t\t\t<div class=\"elementor-widget-container\">\n\t\t\t\t\t\t\t\t\t\t\t\t\t\t\t<img decoding=\"async\" width=\"683\" height=\"760\" src=\"https:\/\/heapministries.com\/pt\/wp-content\/uploads\/2023\/06\/img3-sobre-nos.png\" class=\"attachment-large size-large wp-image-598\" alt=\"\" srcset=\"https:\/\/heapministries.com\/pt\/wp-content\/uploads\/2023\/06\/img3-sobre-nos.png 683w, https:\/\/heapministries.com\/pt\/wp-content\/uploads\/2023\/06\/img3-sobre-nos-270x300.png 270w\" sizes=\"(max-width: 683px) 100vw, 683px\" \/>\t\t\t\t\t\t\t\t\t\t\t\t\t\t\t<\/div>\n\t\t\t\t<\/div>\n\t\t\t\t<\/div>\n\t\t<div class=\"elementor-element elementor-element-8aa8f9c e-con-full e-flex wpr-particle-no wpr-jarallax-no wpr-parallax-no wpr-sticky-section-no e-con e-child\" data-id=\"8aa8f9c\" data-element_type=\"container\" data-e-type=\"container\" data-settings=\"{&quot;motion_fx_motion_fx_scrolling&quot;:&quot;yes&quot;,&quot;motion_fx_devices&quot;:[&quot;desktop&quot;,&quot;tablet&quot;,&quot;mobile&quot;]}\">\n\t\t\t\t<div class=\"elementor-element elementor-element-ca9b891 elementor-invisible elementor-widget elementor-widget-heading\" data-id=\"ca9b891\" data-element_type=\"widget\" data-e-type=\"widget\" data-settings=\"{&quot;_animation&quot;:&quot;fadeInUp&quot;}\" data-widget_type=\"heading.default\">\n\t\t\t\t<div class=\"elementor-widget-container\">\n\t\t\t\t\t<h2 class=\"elementor-heading-title elementor-size-default\">Fundadores<\/h2>\t\t\t\t<\/div>\n\t\t\t\t<\/div>\n\t\t\t\t<div class=\"elementor-element elementor-element-30810b9 animated-slow elementor-invisible elementor-widget elementor-widget-text-editor\" data-id=\"30810b9\" data-element_type=\"widget\" data-e-type=\"widget\" data-settings=\"{&quot;_animation&quot;:&quot;fadeInUp&quot;}\" data-widget_type=\"text-editor.default\">\n\t\t\t\t<div class=\"elementor-widget-container\">\n\t\t\t\t\t\t\t\t\t<p>Pr. Estev\u00e3o e Dona Brenda Heap se casaram em 1968 e pastorearam em Oklahoma nos EUA antes de serem enviados como mission\u00e1rios ao Brasil. Chegaram no Brasil como mission\u00e1rios da Igreja do Nazareno em 1974. Ap\u00f3s os anos iniciais em Campinas aprendendo a l\u00edngua portuguesa, serviram a Igreja em diversas cidades pelo Brasil, incluindo: Bras\u00edlia, Jo\u00e3o Pessoa, Recife e S\u00e3o Paulo. Foram mission\u00e1rios pioneiros, pastorearam igrejas, ensinaram no semin\u00e1rio e lideraram a Igreja do Nazareno no Brasil durante mais de duas d\u00e9cadas.<\/p><p>Hoje o casal est\u00e1 aposentado e continua vivendo no Brasil. Mesmo nos anos de aposentadoria, continuam visitando fam\u00edlias pastorais, ministrando onde o Senhor permite e servindo o Reino. Eles tamb\u00e9m t\u00eam aproveitado tempo com as fam\u00edlias dos seus tr\u00eas filhos: Stephen Wesley, Brian Samuel e Jennifer Lynne. S\u00e3o av\u00f3s orgulhos de tr\u00eas netos e cinco netas.<\/p>\t\t\t\t\t\t\t\t<\/div>\n\t\t\t\t<\/div>\n\t\t\t\t<div class=\"elementor-element elementor-element-c37292f elementor-tablet-align-center elementor-mobile-align-justify elementor-widget elementor-widget-button\" data-id=\"c37292f\" data-element_type=\"widget\" data-e-type=\"widget\" data-widget_type=\"button.default\">\n\t\t\t\t<div class=\"elementor-widget-container\">\n\t\t\t\t\t\t\t\t\t<div class=\"elementor-button-wrapper\">\n\t\t\t\t\t<a class=\"elementor-button elementor-button-link elementor-size-sm\" href=\"https:\/\/heapministries.com\/pt\/areas-de-atuacao\/\">\n\t\t\t\t\t\t<span class=\"elementor-button-content-wrapper\">\n\t\t\t\t\t\t<span class=\"elementor-button-icon\">\n\t\t\t\t<i aria-hidden=\"true\" class=\"fas fa-arrow-right\"><\/i>\t\t\t<\/span>\n\t\t\t\t\t\t\t\t\t<span class=\"elementor-button-text\">\u00c1reas de atua\u00e7\u00e3o<\/span>\n\t\t\t\t\t<\/span>\n\t\t\t\t\t<\/a>\n\t\t\t\t<\/div>\n\t\t\t\t\t\t\t\t<\/div>\n\t\t\t\t<\/div>\n\t\t\t\t<\/div>\n\t\t\t\t\t<\/div>\n\t\t\t\t<\/div>\n\t\t\t\t<\/div>\n\t\t","protected":false},"excerpt":{"rendered":"<p>O Minist\u00e9rio H.E.A.P. (H.E.A.P. Ministries, Inc.) \u00e9 uma organiza\u00e7\u00e3o sem fins lucrativos fundada em 2013 nos EUA. Seu objetivo principal \u00e9 ajudar e encorajar pastores da Igreja do Nazareno que est\u00e3o servindo de forma sacrificial.<\/p>\n","protected":false},"author":1,"featured_media":339,"parent":0,"menu_order":0,"comment_status":"closed","ping_status":"closed","template":"","meta":{"footnotes":""},"class_list":["post-14","page","type-page","status-publish","has-post-thumbnail","hentry"],"yoast_head":"<!-- This site is optimized with the Yoast SEO plugin v27.4 - https:\/\/yoast.com\/product\/yoast-seo-wordpress\/ -->\n<title>Sobre N\u00f3s - Minist\u00e9rio Heap<\/title>\n<meta name=\"description\" content=\"Saiba mais sobre n\u00f3s: Minist\u00e9rio Heap Brasil, cuidando e apoiando fam\u00edlias pastorais nazarenas em suas necessidades e desafios na miss\u00e3o.\" \/>\n<meta name=\"robots\" content=\"index, follow, max-snippet:-1, max-image-preview:large, max-video-preview:-1\" \/>\n<link rel=\"canonical\" href=\"https:\/\/heapministries.com\/pt\/sobre-nos\/\" \/>\n<meta property=\"og:locale\" content=\"pt_BR\" \/>\n<meta property=\"og:type\" content=\"article\" \/>\n<meta property=\"og:title\" content=\"Sobre N\u00f3s - Minist\u00e9rio Heap\" \/>\n<meta property=\"og:description\" content=\"Saiba mais sobre n\u00f3s: Minist\u00e9rio Heap Brasil, cuidando e apoiando fam\u00edlias pastorais nazarenas em suas necessidades e desafios na miss\u00e3o.\" \/>\n<meta property=\"og:url\" content=\"https:\/\/heapministries.com\/pt\/sobre-nos\/\" \/>\n<meta property=\"og:site_name\" content=\"Minist\u00e9rio Heap\" \/>\n<meta property=\"article:modified_time\" content=\"2024-04-18T17:17:15+00:00\" \/>\n<meta property=\"og:image\" content=\"https:\/\/heapministries.com\/pt\/wp-content\/uploads\/2023\/06\/img2-sobre-nos.png\" \/>\n\t<meta property=\"og:image:width\" content=\"683\" \/>\n\t<meta property=\"og:image:height\" content=\"760\" \/>\n\t<meta property=\"og:image:type\" content=\"image\/png\" \/>\n<meta name=\"twitter:card\" content=\"summary_large_image\" \/>\n<meta name=\"twitter:label1\" content=\"Est. tempo de leitura\" \/>\n\t<meta name=\"twitter:data1\" content=\"3 minutos\" \/>\n<script type=\"application\/ld+json\" class=\"yoast-schema-graph\">{\"@context\":\"https:\\\/\\\/schema.org\",\"@graph\":[{\"@type\":\"WebPage\",\"@id\":\"https:\\\/\\\/heapministries.com\\\/pt\\\/sobre-nos\\\/\",\"url\":\"https:\\\/\\\/heapministries.com\\\/pt\\\/sobre-nos\\\/\",\"name\":\"Sobre N\u00f3s - Minist\u00e9rio Heap\",\"isPartOf\":{\"@id\":\"https:\\\/\\\/heapministries.com\\\/pt\\\/#website\"},\"primaryImageOfPage\":{\"@id\":\"https:\\\/\\\/heapministries.com\\\/pt\\\/sobre-nos\\\/#primaryimage\"},\"image\":{\"@id\":\"https:\\\/\\\/heapministries.com\\\/pt\\\/sobre-nos\\\/#primaryimage\"},\"thumbnailUrl\":\"https:\\\/\\\/heapministries.com\\\/pt\\\/wp-content\\\/uploads\\\/2023\\\/06\\\/img2-sobre-nos.png\",\"datePublished\":\"2023-05-13T06:40:48+00:00\",\"dateModified\":\"2024-04-18T17:17:15+00:00\",\"description\":\"Saiba mais sobre n\u00f3s: Minist\u00e9rio Heap Brasil, cuidando e apoiando fam\u00edlias pastorais nazarenas em suas necessidades e desafios na miss\u00e3o.\",\"breadcrumb\":{\"@id\":\"https:\\\/\\\/heapministries.com\\\/pt\\\/sobre-nos\\\/#breadcrumb\"},\"inLanguage\":\"pt-BR\",\"potentialAction\":[{\"@type\":\"ReadAction\",\"target\":[\"https:\\\/\\\/heapministries.com\\\/pt\\\/sobre-nos\\\/\"]}]},{\"@type\":\"ImageObject\",\"inLanguage\":\"pt-BR\",\"@id\":\"https:\\\/\\\/heapministries.com\\\/pt\\\/sobre-nos\\\/#primaryimage\",\"url\":\"https:\\\/\\\/heapministries.com\\\/pt\\\/wp-content\\\/uploads\\\/2023\\\/06\\\/img2-sobre-nos.png\",\"contentUrl\":\"https:\\\/\\\/heapministries.com\\\/pt\\\/wp-content\\\/uploads\\\/2023\\\/06\\\/img2-sobre-nos.png\",\"width\":683,\"height\":760,\"caption\":\"Sobre n\u00f3s. Heap Ministries\"},{\"@type\":\"BreadcrumbList\",\"@id\":\"https:\\\/\\\/heapministries.com\\\/pt\\\/sobre-nos\\\/#breadcrumb\",\"itemListElement\":[{\"@type\":\"ListItem\",\"position\":1,\"name\":\"In\u00edcio\",\"item\":\"https:\\\/\\\/heapministries.com\\\/pt\\\/\"},{\"@type\":\"ListItem\",\"position\":2,\"name\":\"Sobre N\u00f3s\"}]},{\"@type\":\"WebSite\",\"@id\":\"https:\\\/\\\/heapministries.com\\\/pt\\\/#website\",\"url\":\"https:\\\/\\\/heapministries.com\\\/pt\\\/\",\"name\":\"Minist\u00e9rio Heap\",\"description\":\"Curando e Equipando Junto com as Fam\u00edlias Pastorais\",\"potentialAction\":[{\"@type\":\"SearchAction\",\"target\":{\"@type\":\"EntryPoint\",\"urlTemplate\":\"https:\\\/\\\/heapministries.com\\\/pt\\\/?s={search_term_string}\"},\"query-input\":{\"@type\":\"PropertyValueSpecification\",\"valueRequired\":true,\"valueName\":\"search_term_string\"}}],\"inLanguage\":\"pt-BR\"}]}<\/script>\n<!-- \/ Yoast SEO plugin. -->","yoast_head_json":{"title":"Sobre N\u00f3s - Minist\u00e9rio Heap","description":"Saiba mais sobre n\u00f3s: Minist\u00e9rio Heap Brasil, cuidando e apoiando fam\u00edlias pastorais nazarenas em suas necessidades e desafios na miss\u00e3o.","robots":{"index":"index","follow":"follow","max-snippet":"max-snippet:-1","max-image-preview":"max-image-preview:large","max-video-preview":"max-video-preview:-1"},"canonical":"https:\/\/heapministries.com\/pt\/sobre-nos\/","og_locale":"pt_BR","og_type":"article","og_title":"Sobre N\u00f3s - Minist\u00e9rio Heap","og_description":"Saiba mais sobre n\u00f3s: Minist\u00e9rio Heap Brasil, cuidando e apoiando fam\u00edlias pastorais nazarenas em suas necessidades e desafios na miss\u00e3o.","og_url":"https:\/\/heapministries.com\/pt\/sobre-nos\/","og_site_name":"Minist\u00e9rio Heap","article_modified_time":"2024-04-18T17:17:15+00:00","og_image":[{"width":683,"height":760,"url":"https:\/\/heapministries.com\/pt\/wp-content\/uploads\/2023\/06\/img2-sobre-nos.png","type":"image\/png"}],"twitter_card":"summary_large_image","twitter_misc":{"Est. tempo de leitura":"3 minutos"},"schema":{"@context":"https:\/\/schema.org","@graph":[{"@type":"WebPage","@id":"https:\/\/heapministries.com\/pt\/sobre-nos\/","url":"https:\/\/heapministries.com\/pt\/sobre-nos\/","name":"Sobre N\u00f3s - Minist\u00e9rio Heap","isPartOf":{"@id":"https:\/\/heapministries.com\/pt\/#website"},"primaryImageOfPage":{"@id":"https:\/\/heapministries.com\/pt\/sobre-nos\/#primaryimage"},"image":{"@id":"https:\/\/heapministries.com\/pt\/sobre-nos\/#primaryimage"},"thumbnailUrl":"https:\/\/heapministries.com\/pt\/wp-content\/uploads\/2023\/06\/img2-sobre-nos.png","datePublished":"2023-05-13T06:40:48+00:00","dateModified":"2024-04-18T17:17:15+00:00","description":"Saiba mais sobre n\u00f3s: Minist\u00e9rio Heap Brasil, cuidando e apoiando fam\u00edlias pastorais nazarenas em suas necessidades e desafios na miss\u00e3o.","breadcrumb":{"@id":"https:\/\/heapministries.com\/pt\/sobre-nos\/#breadcrumb"},"inLanguage":"pt-BR","potentialAction":[{"@type":"ReadAction","target":["https:\/\/heapministries.com\/pt\/sobre-nos\/"]}]},{"@type":"ImageObject","inLanguage":"pt-BR","@id":"https:\/\/heapministries.com\/pt\/sobre-nos\/#primaryimage","url":"https:\/\/heapministries.com\/pt\/wp-content\/uploads\/2023\/06\/img2-sobre-nos.png","contentUrl":"https:\/\/heapministries.com\/pt\/wp-content\/uploads\/2023\/06\/img2-sobre-nos.png","width":683,"height":760,"caption":"Sobre n\u00f3s. Heap Ministries"},{"@type":"BreadcrumbList","@id":"https:\/\/heapministries.com\/pt\/sobre-nos\/#breadcrumb","itemListElement":[{"@type":"ListItem","position":1,"name":"In\u00edcio","item":"https:\/\/heapministries.com\/pt\/"},{"@type":"ListItem","position":2,"name":"Sobre N\u00f3s"}]},{"@type":"WebSite","@id":"https:\/\/heapministries.com\/pt\/#website","url":"https:\/\/heapministries.com\/pt\/","name":"Minist\u00e9rio Heap","description":"Curando e Equipando Junto com as Fam\u00edlias Pastorais","potentialAction":[{"@type":"SearchAction","target":{"@type":"EntryPoint","urlTemplate":"https:\/\/heapministries.com\/pt\/?s={search_term_string}"},"query-input":{"@type":"PropertyValueSpecification","valueRequired":true,"valueName":"search_term_string"}}],"inLanguage":"pt-BR"}]}},"_links":{"self":[{"href":"https:\/\/heapministries.com\/pt\/wp-json\/wp\/v2\/pages\/14","targetHints":{"allow":["GET"]}}],"collection":[{"href":"https:\/\/heapministries.com\/pt\/wp-json\/wp\/v2\/pages"}],"about":[{"href":"https:\/\/heapministries.com\/pt\/wp-json\/wp\/v2\/types\/page"}],"author":[{"embeddable":true,"href":"https:\/\/heapministries.com\/pt\/wp-json\/wp\/v2\/users\/1"}],"replies":[{"embeddable":true,"href":"https:\/\/heapministries.com\/pt\/wp-json\/wp\/v2\/comments?post=14"}],"version-history":[{"count":46,"href":"https:\/\/heapministries.com\/pt\/wp-json\/wp\/v2\/pages\/14\/revisions"}],"predecessor-version":[{"id":1210,"href":"https:\/\/heapministries.com\/pt\/wp-json\/wp\/v2\/pages\/14\/revisions\/1210"}],"wp:featuredmedia":[{"embeddable":true,"href":"https:\/\/heapministries.com\/pt\/wp-json\/wp\/v2\/media\/339"}],"wp:attachment":[{"href":"https:\/\/heapministries.com\/pt\/wp-json\/wp\/v2\/media?parent=14"}],"curies":[{"name":"wp","href":"https:\/\/api.w.org\/{rel}","templated":true}]}}