{"id":22,"date":"2023-05-13T03:42:53","date_gmt":"2023-05-13T06:42:53","guid":{"rendered":"https:\/\/heapministries.com\/pt\/?page_id=22"},"modified":"2024-04-18T14:15:42","modified_gmt":"2024-04-18T17:15:42","slug":"blog","status":"publish","type":"page","link":"https:\/\/heapministries.com\/pt\/blog\/","title":{"rendered":"Blog"},"content":{"rendered":"\t\t<div data-elementor-type=\"wp-page\" data-elementor-id=\"22\" class=\"elementor elementor-22\" data-elementor-post-type=\"page\">\n\t\t\t\t<div class=\"elementor-element elementor-element-7ebfaa4 e-flex e-con-boxed wpr-particle-no wpr-jarallax-no wpr-parallax-no wpr-sticky-section-no e-con e-parent\" data-id=\"7ebfaa4\" data-element_type=\"container\" data-e-type=\"container\" data-settings=\"{&quot;background_background&quot;:&quot;classic&quot;}\">\n\t\t\t\t\t<div class=\"e-con-inner\">\n\t\t\t\t<div class=\"elementor-element elementor-element-d254918 elementor-icon-list--layout-inline elementor-list-item-link-full_width elementor-widget elementor-widget-icon-list\" data-id=\"d254918\" data-element_type=\"widget\" data-e-type=\"widget\" data-widget_type=\"icon-list.default\">\n\t\t\t\t<div class=\"elementor-widget-container\">\n\t\t\t\t\t\t\t<ul class=\"elementor-icon-list-items elementor-inline-items\">\n\t\t\t\t\t\t\t<li class=\"elementor-icon-list-item elementor-inline-item\">\n\t\t\t\t\t\t\t\t\t\t\t<a href=\"https:\/\/heapministries.com\/\">\n\n\t\t\t\t\t\t\t\t\t\t\t\t<span class=\"elementor-icon-list-icon\">\n\t\t\t\t\t\t\t<i aria-hidden=\"true\" class=\"fas fa-home\"><\/i>\t\t\t\t\t\t<\/span>\n\t\t\t\t\t\t\t\t\t\t<span class=\"elementor-icon-list-text\">Home<\/span>\n\t\t\t\t\t\t\t\t\t\t\t<\/a>\n\t\t\t\t\t\t\t\t\t<\/li>\n\t\t\t\t\t\t\t\t<li class=\"elementor-icon-list-item elementor-inline-item\">\n\t\t\t\t\t\t\t\t\t\t\t<span class=\"elementor-icon-list-icon\">\n\t\t\t\t\t\t\t<i aria-hidden=\"true\" class=\"fas fa-angle-right\"><\/i>\t\t\t\t\t\t<\/span>\n\t\t\t\t\t\t\t\t\t\t<span class=\"elementor-icon-list-text\"><\/span>\n\t\t\t\t\t\t\t\t\t<\/li>\n\t\t\t\t\t\t<\/ul>\n\t\t\t\t\t\t<\/div>\n\t\t\t\t<\/div>\n\t\t\t\t\t<\/div>\n\t\t\t\t<\/div>\n\t\t<div class=\"elementor-element elementor-element-ca7b02c e-flex e-con-boxed wpr-particle-no wpr-jarallax-no wpr-parallax-no wpr-sticky-section-no e-con e-parent\" data-id=\"ca7b02c\" data-element_type=\"container\" data-e-type=\"container\">\n\t\t\t\t\t<div class=\"e-con-inner\">\n\t\t\t\t<div class=\"elementor-element elementor-element-8333e40 elementor-grid-3 elementor-grid-tablet-2 elementor-grid-mobile-1 elementor-posts--thumbnail-top elementor-card-shadow-yes elementor-posts__hover-gradient elementor-widget elementor-widget-posts\" data-id=\"8333e40\" data-element_type=\"widget\" data-e-type=\"widget\" data-settings=\"{&quot;pagination_type&quot;:&quot;numbers&quot;,&quot;cards_columns&quot;:&quot;3&quot;,&quot;cards_columns_tablet&quot;:&quot;2&quot;,&quot;cards_columns_mobile&quot;:&quot;1&quot;,&quot;cards_row_gap&quot;:{&quot;unit&quot;:&quot;px&quot;,&quot;size&quot;:35,&quot;sizes&quot;:[]},&quot;cards_row_gap_tablet&quot;:{&quot;unit&quot;:&quot;px&quot;,&quot;size&quot;:&quot;&quot;,&quot;sizes&quot;:[]},&quot;cards_row_gap_mobile&quot;:{&quot;unit&quot;:&quot;px&quot;,&quot;size&quot;:&quot;&quot;,&quot;sizes&quot;:[]}}\" data-widget_type=\"posts.cards\">\n\t\t\t\t<div class=\"elementor-widget-container\">\n\t\t\t\t\t\t\t<div class=\"elementor-posts-container elementor-posts elementor-posts--skin-cards elementor-grid\" role=\"list\">\n\t\t\t\t<article class=\"elementor-post elementor-grid-item post-1219 post type-post status-publish format-standard has-post-thumbnail hentry category-uncategorized tag-ajuda-ao-rs tag-doacao-para-missoes tag-enchentes-no-rs tag-fe-em-acao tag-igreja-do-nazareno-no-rs tag-pastores-da-nazareno\" role=\"listitem\">\n\t\t\t<div class=\"elementor-post__card\">\n\t\t\t\t<a class=\"elementor-post__thumbnail__link\" href=\"https:\/\/heapministries.com\/pt\/fe-em-acao-pastores-nazarenos-respondem-ao-pior-desastre-natural-na-historia-do-brasil\/\" tabindex=\"-1\" ><div class=\"elementor-post__thumbnail\"><img fetchpriority=\"high\" decoding=\"async\" width=\"300\" height=\"296\" src=\"https:\/\/heapministries.com\/pt\/wp-content\/uploads\/2024\/06\/fe-em-acao-pastores-da-nazareno-no-RS-300x296.png\" class=\"attachment-medium size-medium wp-image-1223\" alt=\"f\u00e9 em a\u00e7\u00e3o pastores da Nazareno no RS resgatando vidas\" srcset=\"https:\/\/heapministries.com\/pt\/wp-content\/uploads\/2024\/06\/fe-em-acao-pastores-da-nazareno-no-RS-300x296.png 300w, https:\/\/heapministries.com\/pt\/wp-content\/uploads\/2024\/06\/fe-em-acao-pastores-da-nazareno-no-RS.png 311w\" sizes=\"(max-width: 300px) 100vw, 300px\" \/><\/div><\/a>\n\t\t\t\t<div class=\"elementor-post__text\">\n\t\t\t\t<h3 class=\"elementor-post__title\">\n\t\t\t<a href=\"https:\/\/heapministries.com\/pt\/fe-em-acao-pastores-nazarenos-respondem-ao-pior-desastre-natural-na-historia-do-brasil\/\" >\n\t\t\t\tF\u00e9 em A\u00e7\u00e3o: Pastores Nazarenos respondem ao pior desastre natural na Hist\u00f3ria do Brasil\t\t\t<\/a>\n\t\t<\/h3>\n\t\t\t\t<div class=\"elementor-post__excerpt\">\n\t\t\t<p>F\u00e9 em A\u00e7\u00e3o: Pastores Nazarenos respondem ao pior desastre natural na Hist\u00f3ria do Brasil. Voc\u00ea tamb\u00e9m pode ajudar na restaura\u00e7\u00e3o. Saiba mais.<\/p>\n\t\t<\/div>\n\t\t\n\t\t<a class=\"elementor-post__read-more\" href=\"https:\/\/heapministries.com\/pt\/fe-em-acao-pastores-nazarenos-respondem-ao-pior-desastre-natural-na-historia-do-brasil\/\" aria-label=\"Leia mais sobre F\u00e9 em A\u00e7\u00e3o: Pastores Nazarenos respondem ao pior desastre natural na Hist\u00f3ria do Brasil\" tabindex=\"-1\" >\n\t\t\tLer mais \u00bb\t\t<\/a>\n\n\t\t\t\t<\/div>\n\t\t\t\t<div class=\"elementor-post__meta-data\">\n\t\t\t\t\t<span class=\"elementor-post-date\">\n\t\t\t28 de junho de 2024\t\t<\/span>\n\t\t\t\t<span class=\"elementor-post-avatar\">\n\t\t\tNenhum coment\u00e1rio\t\t<\/span>\n\t\t\t\t<\/div>\n\t\t\t\t\t<\/div>\n\t\t<\/article>\n\t\t\t\t<article class=\"elementor-post elementor-grid-item post-1165 post type-post status-publish format-standard has-post-thumbnail hentry category-uncategorized tag-acao-missionaria-no-amazonas tag-apoiar-projetos-sociais-com-ribeirinhos tag-educacao-crista tag-esperanca-no-amazonas tag-familias-pastorais tag-igreja-do-nazareno\" role=\"listitem\">\n\t\t\t<div class=\"elementor-post__card\">\n\t\t\t\t<a class=\"elementor-post__thumbnail__link\" href=\"https:\/\/heapministries.com\/pt\/levando-esperanca-ao-amazonas\/\" tabindex=\"-1\" ><div class=\"elementor-post__thumbnail\"><img decoding=\"async\" width=\"300\" height=\"169\" src=\"https:\/\/heapministries.com\/pt\/wp-content\/uploads\/2024\/03\/Trazendo-Esperanca-no-Estado-do-Amazonas-300x169.jpg\" class=\"attachment-medium size-medium wp-image-1166\" alt=\"Esperan\u00e7a ao Amazonas. A\u00e7\u00e3o mission\u00e1rio no Amazonas com ribeirinhos. Igreja do Nazareno e Heap Ministries\" srcset=\"https:\/\/heapministries.com\/pt\/wp-content\/uploads\/2024\/03\/Trazendo-Esperanca-no-Estado-do-Amazonas-300x169.jpg 300w, https:\/\/heapministries.com\/pt\/wp-content\/uploads\/2024\/03\/Trazendo-Esperanca-no-Estado-do-Amazonas-1024x576.jpg 1024w, https:\/\/heapministries.com\/pt\/wp-content\/uploads\/2024\/03\/Trazendo-Esperanca-no-Estado-do-Amazonas-768x432.jpg 768w, https:\/\/heapministries.com\/pt\/wp-content\/uploads\/2024\/03\/Trazendo-Esperanca-no-Estado-do-Amazonas.jpg 1200w\" sizes=\"(max-width: 300px) 100vw, 300px\" \/><\/div><\/a>\n\t\t\t\t<div class=\"elementor-post__text\">\n\t\t\t\t<h3 class=\"elementor-post__title\">\n\t\t\t<a href=\"https:\/\/heapministries.com\/pt\/levando-esperanca-ao-amazonas\/\" >\n\t\t\t\tA\u00e7\u00e3o mission\u00e1ria leva Esperan\u00e7a ao Amazonas\t\t\t<\/a>\n\t\t<\/h3>\n\t\t\t\t<div class=\"elementor-post__excerpt\">\n\t\t\t<p>Ao refletirmos sobre o trabalho not\u00e1vel realizado pelas fam\u00edlias pastorais ao longo do Rio Amazonas, vamos nos inspirar a apoiar esfor\u00e7os que tragam esperan\u00e7a e oportunidade para aqueles que necessitam. Seja atrav\u00e9s do oferecimento de uma m\u00e3o amiga, da conscientiza\u00e7\u00e3o ou da contribui\u00e7\u00e3o de recursos, cada um de n\u00f3s tem um papel a desempenhar.<\/p>\n\t\t<\/div>\n\t\t\n\t\t<a class=\"elementor-post__read-more\" href=\"https:\/\/heapministries.com\/pt\/levando-esperanca-ao-amazonas\/\" aria-label=\"Leia mais sobre A\u00e7\u00e3o mission\u00e1ria leva Esperan\u00e7a ao Amazonas\" tabindex=\"-1\" >\n\t\t\tLer mais \u00bb\t\t<\/a>\n\n\t\t\t\t<\/div>\n\t\t\t\t<div class=\"elementor-post__meta-data\">\n\t\t\t\t\t<span class=\"elementor-post-date\">\n\t\t\t21 de mar\u00e7o de 2024\t\t<\/span>\n\t\t\t\t<span class=\"elementor-post-avatar\">\n\t\t\tNenhum coment\u00e1rio\t\t<\/span>\n\t\t\t\t<\/div>\n\t\t\t\t\t<\/div>\n\t\t<\/article>\n\t\t\t\t<article class=\"elementor-post elementor-grid-item post-1151 post type-post status-publish format-standard has-post-thumbnail hentry category-uncategorized tag-apoio-a-familias-de-pastores tag-familias-pastorais tag-heap-minitries-brasil tag-igreja-do-nazareno-no-brasil tag-igrejas-no-nordeste-e-norte-do-brasil\" role=\"listitem\">\n\t\t\t<div class=\"elementor-post__card\">\n\t\t\t\t<a class=\"elementor-post__thumbnail__link\" href=\"https:\/\/heapministries.com\/pt\/apoio-as-familias-pastorais-nazarenas-brasileiras\/\" tabindex=\"-1\" ><div class=\"elementor-post__thumbnail\"><img decoding=\"async\" width=\"300\" height=\"169\" src=\"https:\/\/heapministries.com\/pt\/wp-content\/uploads\/2024\/03\/Apoio-as-familias-pastorais-nazarenas-brasileiras-300x169.jpg\" class=\"attachment-medium size-medium wp-image-1164\" alt=\"Apoio \u00e0s fam\u00edlias pastorais. Esperan\u00e7a ao Amazonas. Heap Ministries e Igreja do Nazareno\" srcset=\"https:\/\/heapministries.com\/pt\/wp-content\/uploads\/2024\/03\/Apoio-as-familias-pastorais-nazarenas-brasileiras-300x169.jpg 300w, https:\/\/heapministries.com\/pt\/wp-content\/uploads\/2024\/03\/Apoio-as-familias-pastorais-nazarenas-brasileiras-1024x576.jpg 1024w, https:\/\/heapministries.com\/pt\/wp-content\/uploads\/2024\/03\/Apoio-as-familias-pastorais-nazarenas-brasileiras-768x432.jpg 768w, https:\/\/heapministries.com\/pt\/wp-content\/uploads\/2024\/03\/Apoio-as-familias-pastorais-nazarenas-brasileiras.jpg 1200w\" sizes=\"(max-width: 300px) 100vw, 300px\" \/><\/div><\/a>\n\t\t\t\t<div class=\"elementor-post__text\">\n\t\t\t\t<h3 class=\"elementor-post__title\">\n\t\t\t<a href=\"https:\/\/heapministries.com\/pt\/apoio-as-familias-pastorais-nazarenas-brasileiras\/\" >\n\t\t\t\tApoio \u00e0s fam\u00edlias pastorais nazarenas brasileiras\t\t\t<\/a>\n\t\t<\/h3>\n\t\t\t\t<div class=\"elementor-post__excerpt\">\n\t\t\t<p>Minist\u00e9rio H.E.A.P e o apoio \u00e0s fam\u00edlias pastorais nazarenas no Brasil. &#8220;Eu vim para que tenham vida, e a tenham em abund\u00e2ncia&#8221;. &#8211; Jo\u00e3o 10:10b<\/p>\n\t\t<\/div>\n\t\t\n\t\t<a class=\"elementor-post__read-more\" href=\"https:\/\/heapministries.com\/pt\/apoio-as-familias-pastorais-nazarenas-brasileiras\/\" aria-label=\"Leia mais sobre Apoio \u00e0s fam\u00edlias pastorais nazarenas brasileiras\" tabindex=\"-1\" >\n\t\t\tLer mais \u00bb\t\t<\/a>\n\n\t\t\t\t<\/div>\n\t\t\t\t<div class=\"elementor-post__meta-data\">\n\t\t\t\t\t<span class=\"elementor-post-date\">\n\t\t\t20 de mar\u00e7o de 2024\t\t<\/span>\n\t\t\t\t<span class=\"elementor-post-avatar\">\n\t\t\tNenhum coment\u00e1rio\t\t<\/span>\n\t\t\t\t<\/div>\n\t\t\t\t\t<\/div>\n\t\t<\/article>\n\t\t\t\t<article class=\"elementor-post elementor-grid-item post-854 post type-post status-publish format-standard has-post-thumbnail hentry category-uncategorized tag-apoio-a-familias-de-pastores tag-familias-pastorais tag-heap-minitries-brasil tag-hepa-minitries tag-igreja-do-nazareno-no-brasil tag-igrejas-no-nordeste-e-norte-do-brasil\" role=\"listitem\">\n\t\t\t<div class=\"elementor-post__card\">\n\t\t\t\t<a class=\"elementor-post__thumbnail__link\" href=\"https:\/\/heapministries.com\/pt\/pastores-igrejas-no-nordeste-e-norte-do-brasil\/\" tabindex=\"-1\" ><div class=\"elementor-post__thumbnail\"><img loading=\"lazy\" decoding=\"async\" width=\"300\" height=\"169\" src=\"https:\/\/heapministries.com\/pt\/wp-content\/uploads\/2023\/09\/1-Visitando-Pastores-e-Igrejas-no-Nordeste-e-Norte-do-Brasil-\u2014-Agosto-de-2023-300x169.jpg\" class=\"attachment-medium size-medium wp-image-866\" alt=\"visitando pastores e igrejas no nordeste e norte do Brasil\" srcset=\"https:\/\/heapministries.com\/pt\/wp-content\/uploads\/2023\/09\/1-Visitando-Pastores-e-Igrejas-no-Nordeste-e-Norte-do-Brasil-\u2014-Agosto-de-2023-300x169.jpg 300w, https:\/\/heapministries.com\/pt\/wp-content\/uploads\/2023\/09\/1-Visitando-Pastores-e-Igrejas-no-Nordeste-e-Norte-do-Brasil-\u2014-Agosto-de-2023-1024x576.jpg 1024w, https:\/\/heapministries.com\/pt\/wp-content\/uploads\/2023\/09\/1-Visitando-Pastores-e-Igrejas-no-Nordeste-e-Norte-do-Brasil-\u2014-Agosto-de-2023-768x432.jpg 768w, https:\/\/heapministries.com\/pt\/wp-content\/uploads\/2023\/09\/1-Visitando-Pastores-e-Igrejas-no-Nordeste-e-Norte-do-Brasil-\u2014-Agosto-de-2023.jpg 1200w\" sizes=\"(max-width: 300px) 100vw, 300px\" \/><\/div><\/a>\n\t\t\t\t<div class=\"elementor-post__text\">\n\t\t\t\t<h3 class=\"elementor-post__title\">\n\t\t\t<a href=\"https:\/\/heapministries.com\/pt\/pastores-igrejas-no-nordeste-e-norte-do-brasil\/\" >\n\t\t\t\tVisitando Pastores e Igrejas no Nordeste e Norte do Brasil &#8211; Agosto de 2023\t\t\t<\/a>\n\t\t<\/h3>\n\t\t\t\t<div class=\"elementor-post__excerpt\">\n\t\t\t<p>Nossa visita teve como foco igrejas em tr\u00eas capitais de estado do nordeste. Um tempo visitando pastores e igrejas do nordeste e norte do Brasil<\/p>\n\t\t<\/div>\n\t\t\n\t\t<a class=\"elementor-post__read-more\" href=\"https:\/\/heapministries.com\/pt\/pastores-igrejas-no-nordeste-e-norte-do-brasil\/\" aria-label=\"Leia mais sobre Visitando Pastores e Igrejas no Nordeste e Norte do Brasil &#8211; Agosto de 2023\" tabindex=\"-1\" >\n\t\t\tLer mais \u00bb\t\t<\/a>\n\n\t\t\t\t<\/div>\n\t\t\t\t<div class=\"elementor-post__meta-data\">\n\t\t\t\t\t<span class=\"elementor-post-date\">\n\t\t\t20 de setembro de 2023\t\t<\/span>\n\t\t\t\t<span class=\"elementor-post-avatar\">\n\t\t\tNenhum coment\u00e1rio\t\t<\/span>\n\t\t\t\t<\/div>\n\t\t\t\t\t<\/div>\n\t\t<\/article>\n\t\t\t\t<article class=\"elementor-post elementor-grid-item post-945 post type-post status-publish format-standard has-post-thumbnail hentry category-uncategorized tag-apoio-a-familias-de-pastores tag-familias-pastorais tag-heap-minitries-brasil tag-hepa-minitries tag-igreja-do-nazareno-no-brasil\" role=\"listitem\">\n\t\t\t<div class=\"elementor-post__card\">\n\t\t\t\t<a class=\"elementor-post__thumbnail__link\" href=\"https:\/\/heapministries.com\/pt\/relatorio-heap-ministries-brasil-agosto-2017\/\" tabindex=\"-1\" ><div class=\"elementor-post__thumbnail\"><img loading=\"lazy\" decoding=\"async\" width=\"300\" height=\"169\" src=\"https:\/\/heapministries.com\/pt\/wp-content\/uploads\/2023\/09\/2-Relatorio-da-HEAP-Ministries-Brasil-para-agosto-de-2017-300x169.jpg\" class=\"attachment-medium size-medium wp-image-946\" alt=\"heap ministries brasil. Casal apoiado\" srcset=\"https:\/\/heapministries.com\/pt\/wp-content\/uploads\/2023\/09\/2-Relatorio-da-HEAP-Ministries-Brasil-para-agosto-de-2017-300x169.jpg 300w, https:\/\/heapministries.com\/pt\/wp-content\/uploads\/2023\/09\/2-Relatorio-da-HEAP-Ministries-Brasil-para-agosto-de-2017-1024x576.jpg 1024w, https:\/\/heapministries.com\/pt\/wp-content\/uploads\/2023\/09\/2-Relatorio-da-HEAP-Ministries-Brasil-para-agosto-de-2017-768x432.jpg 768w, https:\/\/heapministries.com\/pt\/wp-content\/uploads\/2023\/09\/2-Relatorio-da-HEAP-Ministries-Brasil-para-agosto-de-2017.jpg 1200w\" sizes=\"(max-width: 300px) 100vw, 300px\" \/><\/div><\/a>\n\t\t\t\t<div class=\"elementor-post__text\">\n\t\t\t\t<h3 class=\"elementor-post__title\">\n\t\t\t<a href=\"https:\/\/heapministries.com\/pt\/relatorio-heap-ministries-brasil-agosto-2017\/\" >\n\t\t\t\tRelat\u00f3rio da HEAP Ministries Brasil para agosto de 2017\t\t\t<\/a>\n\t\t<\/h3>\n\t\t\t\t<div class=\"elementor-post__excerpt\">\n\t\t\t<p>Relat\u00f3rio de atua\u00e7\u00e3o da Heap Ministries Brasil (agosto de 2017).<\/p>\n\t\t<\/div>\n\t\t\n\t\t<a class=\"elementor-post__read-more\" href=\"https:\/\/heapministries.com\/pt\/relatorio-heap-ministries-brasil-agosto-2017\/\" aria-label=\"Leia mais sobre Relat\u00f3rio da HEAP Ministries Brasil para agosto de 2017\" tabindex=\"-1\" >\n\t\t\tLer mais \u00bb\t\t<\/a>\n\n\t\t\t\t<\/div>\n\t\t\t\t<div class=\"elementor-post__meta-data\">\n\t\t\t\t\t<span class=\"elementor-post-date\">\n\t\t\t26 de dezembro de 2017\t\t<\/span>\n\t\t\t\t<span class=\"elementor-post-avatar\">\n\t\t\tNenhum coment\u00e1rio\t\t<\/span>\n\t\t\t\t<\/div>\n\t\t\t\t\t<\/div>\n\t\t<\/article>\n\t\t\t\t<\/div>\n\t\t\n\t\t\t\t\t\t<\/div>\n\t\t\t\t<\/div>\n\t\t\t\t\t<\/div>\n\t\t\t\t<\/div>\n\t\t\t\t<\/div>\n\t\t","protected":false},"excerpt":{"rendered":"<p>Acesse o blog da Heap Ministries e confira alguns relatos do que temos feito.<\/p>\n","protected":false},"author":1,"featured_media":920,"parent":0,"menu_order":0,"comment_status":"closed","ping_status":"closed","template":"elementor_header_footer","meta":{"footnotes":""},"class_list":["post-22","page","type-page","status-publish","has-post-thumbnail","hentry"],"yoast_head":"<!-- This site is optimized with the Yoast SEO plugin v27.4 - https:\/\/yoast.com\/product\/yoast-seo-wordpress\/ -->\n<title>Blog - Minist\u00e9rio Heap<\/title>\n<meta name=\"description\" content=\"No blog do Minist\u00e9rio Heap voc\u00ea vai encontrar mais informa\u00e7\u00f5es sobre o nosso trabalho, o que temos feito e como se engajar conosco.\" \/>\n<meta name=\"robots\" content=\"index, follow, max-snippet:-1, max-image-preview:large, max-video-preview:-1\" \/>\n<link rel=\"canonical\" href=\"https:\/\/heapministries.com\/pt\/blog\/\" \/>\n<meta property=\"og:locale\" content=\"pt_BR\" \/>\n<meta property=\"og:type\" content=\"article\" \/>\n<meta property=\"og:title\" content=\"Blog - Minist\u00e9rio Heap\" \/>\n<meta property=\"og:description\" content=\"No blog do Minist\u00e9rio Heap voc\u00ea vai encontrar mais informa\u00e7\u00f5es sobre o nosso trabalho, o que temos feito e como se engajar conosco.\" \/>\n<meta property=\"og:url\" content=\"https:\/\/heapministries.com\/pt\/blog\/\" \/>\n<meta property=\"og:site_name\" content=\"Minist\u00e9rio Heap\" \/>\n<meta property=\"article:modified_time\" content=\"2024-04-18T17:15:42+00:00\" \/>\n<meta property=\"og:image\" content=\"https:\/\/heapministries.com\/pt\/wp-content\/uploads\/2023\/09\/visitando-pastores-27.jpg\" \/>\n\t<meta property=\"og:image:width\" content=\"420\" \/>\n\t<meta property=\"og:image:height\" content=\"277\" \/>\n\t<meta property=\"og:image:type\" content=\"image\/jpeg\" \/>\n<meta name=\"twitter:card\" content=\"summary_large_image\" \/>\n<meta name=\"twitter:label1\" content=\"Est. tempo de leitura\" \/>\n\t<meta name=\"twitter:data1\" content=\"1 minuto\" \/>\n<script type=\"application\/ld+json\" class=\"yoast-schema-graph\">{\"@context\":\"https:\\\/\\\/schema.org\",\"@graph\":[{\"@type\":\"WebPage\",\"@id\":\"https:\\\/\\\/heapministries.com\\\/pt\\\/blog\\\/\",\"url\":\"https:\\\/\\\/heapministries.com\\\/pt\\\/blog\\\/\",\"name\":\"Blog - Minist\u00e9rio Heap\",\"isPartOf\":{\"@id\":\"https:\\\/\\\/heapministries.com\\\/pt\\\/#website\"},\"primaryImageOfPage\":{\"@id\":\"https:\\\/\\\/heapministries.com\\\/pt\\\/blog\\\/#primaryimage\"},\"image\":{\"@id\":\"https:\\\/\\\/heapministries.com\\\/pt\\\/blog\\\/#primaryimage\"},\"thumbnailUrl\":\"https:\\\/\\\/heapministries.com\\\/pt\\\/wp-content\\\/uploads\\\/2023\\\/09\\\/visitando-pastores-27.jpg\",\"datePublished\":\"2023-05-13T06:42:53+00:00\",\"dateModified\":\"2024-04-18T17:15:42+00:00\",\"description\":\"No blog do Minist\u00e9rio Heap voc\u00ea vai encontrar mais informa\u00e7\u00f5es sobre o nosso trabalho, o que temos feito e como se engajar conosco.\",\"breadcrumb\":{\"@id\":\"https:\\\/\\\/heapministries.com\\\/pt\\\/blog\\\/#breadcrumb\"},\"inLanguage\":\"pt-BR\",\"potentialAction\":[{\"@type\":\"ReadAction\",\"target\":[\"https:\\\/\\\/heapministries.com\\\/pt\\\/blog\\\/\"]}]},{\"@type\":\"ImageObject\",\"inLanguage\":\"pt-BR\",\"@id\":\"https:\\\/\\\/heapministries.com\\\/pt\\\/blog\\\/#primaryimage\",\"url\":\"https:\\\/\\\/heapministries.com\\\/pt\\\/wp-content\\\/uploads\\\/2023\\\/09\\\/visitando-pastores-27.jpg\",\"contentUrl\":\"https:\\\/\\\/heapministries.com\\\/pt\\\/wp-content\\\/uploads\\\/2023\\\/09\\\/visitando-pastores-27.jpg\",\"width\":420,\"height\":277,\"caption\":\"blog da Heap Ministries\"},{\"@type\":\"BreadcrumbList\",\"@id\":\"https:\\\/\\\/heapministries.com\\\/pt\\\/blog\\\/#breadcrumb\",\"itemListElement\":[{\"@type\":\"ListItem\",\"position\":1,\"name\":\"In\u00edcio\",\"item\":\"https:\\\/\\\/heapministries.com\\\/pt\\\/\"},{\"@type\":\"ListItem\",\"position\":2,\"name\":\"Blog\"}]},{\"@type\":\"WebSite\",\"@id\":\"https:\\\/\\\/heapministries.com\\\/pt\\\/#website\",\"url\":\"https:\\\/\\\/heapministries.com\\\/pt\\\/\",\"name\":\"Minist\u00e9rio Heap\",\"description\":\"Curando e Equipando Junto com as Fam\u00edlias Pastorais\",\"potentialAction\":[{\"@type\":\"SearchAction\",\"target\":{\"@type\":\"EntryPoint\",\"urlTemplate\":\"https:\\\/\\\/heapministries.com\\\/pt\\\/?s={search_term_string}\"},\"query-input\":{\"@type\":\"PropertyValueSpecification\",\"valueRequired\":true,\"valueName\":\"search_term_string\"}}],\"inLanguage\":\"pt-BR\"}]}<\/script>\n<!-- \/ Yoast SEO plugin. -->","yoast_head_json":{"title":"Blog - Minist\u00e9rio Heap","description":"No blog do Minist\u00e9rio Heap voc\u00ea vai encontrar mais informa\u00e7\u00f5es sobre o nosso trabalho, o que temos feito e como se engajar conosco.","robots":{"index":"index","follow":"follow","max-snippet":"max-snippet:-1","max-image-preview":"max-image-preview:large","max-video-preview":"max-video-preview:-1"},"canonical":"https:\/\/heapministries.com\/pt\/blog\/","og_locale":"pt_BR","og_type":"article","og_title":"Blog - Minist\u00e9rio Heap","og_description":"No blog do Minist\u00e9rio Heap voc\u00ea vai encontrar mais informa\u00e7\u00f5es sobre o nosso trabalho, o que temos feito e como se engajar conosco.","og_url":"https:\/\/heapministries.com\/pt\/blog\/","og_site_name":"Minist\u00e9rio Heap","article_modified_time":"2024-04-18T17:15:42+00:00","og_image":[{"width":420,"height":277,"url":"https:\/\/heapministries.com\/pt\/wp-content\/uploads\/2023\/09\/visitando-pastores-27.jpg","type":"image\/jpeg"}],"twitter_card":"summary_large_image","twitter_misc":{"Est. tempo de leitura":"1 minuto"},"schema":{"@context":"https:\/\/schema.org","@graph":[{"@type":"WebPage","@id":"https:\/\/heapministries.com\/pt\/blog\/","url":"https:\/\/heapministries.com\/pt\/blog\/","name":"Blog - Minist\u00e9rio Heap","isPartOf":{"@id":"https:\/\/heapministries.com\/pt\/#website"},"primaryImageOfPage":{"@id":"https:\/\/heapministries.com\/pt\/blog\/#primaryimage"},"image":{"@id":"https:\/\/heapministries.com\/pt\/blog\/#primaryimage"},"thumbnailUrl":"https:\/\/heapministries.com\/pt\/wp-content\/uploads\/2023\/09\/visitando-pastores-27.jpg","datePublished":"2023-05-13T06:42:53+00:00","dateModified":"2024-04-18T17:15:42+00:00","description":"No blog do Minist\u00e9rio Heap voc\u00ea vai encontrar mais informa\u00e7\u00f5es sobre o nosso trabalho, o que temos feito e como se engajar conosco.","breadcrumb":{"@id":"https:\/\/heapministries.com\/pt\/blog\/#breadcrumb"},"inLanguage":"pt-BR","potentialAction":[{"@type":"ReadAction","target":["https:\/\/heapministries.com\/pt\/blog\/"]}]},{"@type":"ImageObject","inLanguage":"pt-BR","@id":"https:\/\/heapministries.com\/pt\/blog\/#primaryimage","url":"https:\/\/heapministries.com\/pt\/wp-content\/uploads\/2023\/09\/visitando-pastores-27.jpg","contentUrl":"https:\/\/heapministries.com\/pt\/wp-content\/uploads\/2023\/09\/visitando-pastores-27.jpg","width":420,"height":277,"caption":"blog da Heap Ministries"},{"@type":"BreadcrumbList","@id":"https:\/\/heapministries.com\/pt\/blog\/#breadcrumb","itemListElement":[{"@type":"ListItem","position":1,"name":"In\u00edcio","item":"https:\/\/heapministries.com\/pt\/"},{"@type":"ListItem","position":2,"name":"Blog"}]},{"@type":"WebSite","@id":"https:\/\/heapministries.com\/pt\/#website","url":"https:\/\/heapministries.com\/pt\/","name":"Minist\u00e9rio Heap","description":"Curando e Equipando Junto com as Fam\u00edlias Pastorais","potentialAction":[{"@type":"SearchAction","target":{"@type":"EntryPoint","urlTemplate":"https:\/\/heapministries.com\/pt\/?s={search_term_string}"},"query-input":{"@type":"PropertyValueSpecification","valueRequired":true,"valueName":"search_term_string"}}],"inLanguage":"pt-BR"}]}},"_links":{"self":[{"href":"https:\/\/heapministries.com\/pt\/wp-json\/wp\/v2\/pages\/22","targetHints":{"allow":["GET"]}}],"collection":[{"href":"https:\/\/heapministries.com\/pt\/wp-json\/wp\/v2\/pages"}],"about":[{"href":"https:\/\/heapministries.com\/pt\/wp-json\/wp\/v2\/types\/page"}],"author":[{"embeddable":true,"href":"https:\/\/heapministries.com\/pt\/wp-json\/wp\/v2\/users\/1"}],"replies":[{"embeddable":true,"href":"https:\/\/heapministries.com\/pt\/wp-json\/wp\/v2\/comments?post=22"}],"version-history":[{"count":12,"href":"https:\/\/heapministries.com\/pt\/wp-json\/wp\/v2\/pages\/22\/revisions"}],"predecessor-version":[{"id":1186,"href":"https:\/\/heapministries.com\/pt\/wp-json\/wp\/v2\/pages\/22\/revisions\/1186"}],"wp:featuredmedia":[{"embeddable":true,"href":"https:\/\/heapministries.com\/pt\/wp-json\/wp\/v2\/media\/920"}],"wp:attachment":[{"href":"https:\/\/heapministries.com\/pt\/wp-json\/wp\/v2\/media?parent=22"}],"curies":[{"name":"wp","href":"https:\/\/api.w.org\/{rel}","templated":true}]}}