{"id":24,"date":"2023-05-13T03:43:07","date_gmt":"2023-05-13T06:43:07","guid":{"rendered":"https:\/\/heapministries.com\/pt\/?page_id=24"},"modified":"2024-04-18T14:23:47","modified_gmt":"2024-04-18T17:23:47","slug":"contato","status":"publish","type":"page","link":"https:\/\/heapministries.com\/pt\/contato\/","title":{"rendered":"Contato"},"content":{"rendered":"\t\t<div data-elementor-type=\"wp-page\" data-elementor-id=\"24\" class=\"elementor elementor-24\" data-elementor-post-type=\"page\">\n\t\t\t\t<div class=\"elementor-element elementor-element-8cef658 e-flex e-con-boxed wpr-particle-no wpr-jarallax-no wpr-parallax-no wpr-sticky-section-no e-con e-parent\" data-id=\"8cef658\" data-element_type=\"container\" data-e-type=\"container\" data-settings=\"{&quot;background_background&quot;:&quot;classic&quot;}\">\n\t\t\t\t\t<div class=\"e-con-inner\">\n\t\t\t\t<div class=\"elementor-element elementor-element-a80d4b2 elementor-icon-list--layout-inline elementor-list-item-link-full_width elementor-widget elementor-widget-icon-list\" data-id=\"a80d4b2\" data-element_type=\"widget\" data-e-type=\"widget\" data-widget_type=\"icon-list.default\">\n\t\t\t\t<div class=\"elementor-widget-container\">\n\t\t\t\t\t\t\t<ul class=\"elementor-icon-list-items elementor-inline-items\">\n\t\t\t\t\t\t\t<li class=\"elementor-icon-list-item elementor-inline-item\">\n\t\t\t\t\t\t\t\t\t\t\t<a href=\"https:\/\/heapministries.com\/pt\/\">\n\n\t\t\t\t\t\t\t\t\t\t\t\t<span class=\"elementor-icon-list-icon\">\n\t\t\t\t\t\t\t<i aria-hidden=\"true\" class=\"fas fa-home\"><\/i>\t\t\t\t\t\t<\/span>\n\t\t\t\t\t\t\t\t\t\t<span class=\"elementor-icon-list-text\">Home<\/span>\n\t\t\t\t\t\t\t\t\t\t\t<\/a>\n\t\t\t\t\t\t\t\t\t<\/li>\n\t\t\t\t\t\t\t\t<li class=\"elementor-icon-list-item elementor-inline-item\">\n\t\t\t\t\t\t\t\t\t\t\t<span class=\"elementor-icon-list-icon\">\n\t\t\t\t\t\t\t<i aria-hidden=\"true\" class=\"fas fa-angle-right\"><\/i>\t\t\t\t\t\t<\/span>\n\t\t\t\t\t\t\t\t\t\t<span class=\"elementor-icon-list-text\"><\/span>\n\t\t\t\t\t\t\t\t\t<\/li>\n\t\t\t\t\t\t<\/ul>\n\t\t\t\t\t\t<\/div>\n\t\t\t\t<\/div>\n\t\t\t\t\t<\/div>\n\t\t\t\t<\/div>\n\t\t<div class=\"elementor-element elementor-element-3b0a0d6 e-flex e-con-boxed wpr-particle-no wpr-jarallax-no wpr-parallax-no wpr-sticky-section-no e-con e-parent\" data-id=\"3b0a0d6\" data-element_type=\"container\" data-e-type=\"container\" data-settings=\"{&quot;background_background&quot;:&quot;classic&quot;}\">\n\t\t\t\t\t<div class=\"e-con-inner\">\n\t\t<div class=\"elementor-element elementor-element-d4fd0d7 e-con-full e-flex wpr-particle-no wpr-jarallax-no wpr-parallax-no wpr-sticky-section-no e-con e-parent\" data-id=\"d4fd0d7\" data-element_type=\"container\" data-e-type=\"container\">\n\t\t\t\t<div class=\"elementor-element elementor-element-ec8f5a1 elementor-invisible elementor-widget elementor-widget-heading\" data-id=\"ec8f5a1\" data-element_type=\"widget\" data-e-type=\"widget\" data-settings=\"{&quot;_animation&quot;:&quot;fadeInUp&quot;}\" data-widget_type=\"heading.default\">\n\t\t\t\t<div class=\"elementor-widget-container\">\n\t\t\t\t\t<h2 class=\"elementor-heading-title elementor-size-default\">D\u00favidas, parceria entre outros?<\/h2>\t\t\t\t<\/div>\n\t\t\t\t<\/div>\n\t\t\t\t<div class=\"elementor-element elementor-element-e4c5cfa animated-slow elementor-invisible elementor-widget elementor-widget-text-editor\" data-id=\"e4c5cfa\" data-element_type=\"widget\" data-e-type=\"widget\" data-settings=\"{&quot;_animation&quot;:&quot;fadeInUp&quot;}\" data-widget_type=\"text-editor.default\">\n\t\t\t\t<div class=\"elementor-widget-container\">\n\t\t\t\t\t\t\t\t\t<p>Entre em contato conosco para obter mais informa\u00e7\u00f5es ou preencha o formul\u00e1rio abaixo. Estamos aqui para ajudar e servir ao Corpo de Cristo!<\/p>\t\t\t\t\t\t\t\t<\/div>\n\t\t\t\t<\/div>\n\t\t\t\t<\/div>\n\t\t\t\t\t<\/div>\n\t\t\t\t<\/div>\n\t\t<div class=\"elementor-element elementor-element-be21f56 e-flex e-con-boxed wpr-particle-no wpr-jarallax-no wpr-parallax-no wpr-sticky-section-no e-con e-parent\" data-id=\"be21f56\" data-element_type=\"container\" data-e-type=\"container\" data-settings=\"{&quot;background_background&quot;:&quot;classic&quot;}\">\n\t\t\t\t\t<div class=\"e-con-inner\">\n\t\t<div class=\"elementor-element elementor-element-bca7033 e-con-full e-flex wpr-particle-no wpr-jarallax-no wpr-parallax-no wpr-sticky-section-no e-con e-parent\" data-id=\"bca7033\" data-element_type=\"container\" data-e-type=\"container\" data-settings=\"{&quot;background_background&quot;:&quot;classic&quot;}\">\n\t\t\t\t<div class=\"elementor-element elementor-element-ce009b9 elementor-button-align-start elementor-widget elementor-widget-form\" data-id=\"ce009b9\" data-element_type=\"widget\" data-e-type=\"widget\" data-settings=\"{&quot;step_next_label&quot;:&quot;Next&quot;,&quot;step_previous_label&quot;:&quot;Previous&quot;,&quot;button_width&quot;:&quot;100&quot;,&quot;step_type&quot;:&quot;number_text&quot;,&quot;step_icon_shape&quot;:&quot;circle&quot;}\" data-widget_type=\"form.default\">\n\t\t\t\t<div class=\"elementor-widget-container\">\n\t\t\t\t\t\t\t<form class=\"elementor-form\" method=\"post\" name=\"Appointment\" aria-label=\"Appointment\">\n\t\t\t<input type=\"hidden\" name=\"post_id\" value=\"24\"\/>\n\t\t\t<input type=\"hidden\" name=\"form_id\" value=\"ce009b9\"\/>\n\t\t\t<input type=\"hidden\" name=\"referer_title\" value=\"Contato - Minist\u00e9rio Heap\" \/>\n\n\t\t\t\t\t\t\t<input type=\"hidden\" name=\"queried_id\" value=\"24\"\/>\n\t\t\t\n\t\t\t<div class=\"elementor-form-fields-wrapper elementor-labels-\">\n\t\t\t\t\t\t\t\t<div class=\"elementor-field-type-text elementor-field-group elementor-column elementor-field-group-name elementor-col-50 elementor-field-required\">\n\t\t\t\t\t\t\t\t\t\t\t\t<label for=\"form-field-name\" class=\"elementor-field-label elementor-screen-only\">\n\t\t\t\t\t\t\t\tNome\t\t\t\t\t\t\t<\/label>\n\t\t\t\t\t\t\t\t\t\t\t\t\t\t<input size=\"1\" type=\"text\" name=\"form_fields[name]\" id=\"form-field-name\" class=\"elementor-field elementor-size-md  elementor-field-textual\" placeholder=\"Nome\" required=\"required\">\n\t\t\t\t\t\t\t\t\t\t\t<\/div>\n\t\t\t\t\t\t\t\t<div class=\"elementor-field-type-text elementor-field-group elementor-column elementor-field-group-field_36128b6 elementor-col-50 elementor-field-required\">\n\t\t\t\t\t\t\t\t\t\t\t\t<label for=\"form-field-field_36128b6\" class=\"elementor-field-label elementor-screen-only\">\n\t\t\t\t\t\t\t\tSobrenome\t\t\t\t\t\t\t<\/label>\n\t\t\t\t\t\t\t\t\t\t\t\t\t\t<input size=\"1\" type=\"text\" name=\"form_fields[field_36128b6]\" id=\"form-field-field_36128b6\" class=\"elementor-field elementor-size-md  elementor-field-textual\" placeholder=\"Sobrenome\" required=\"required\">\n\t\t\t\t\t\t\t\t\t\t\t<\/div>\n\t\t\t\t\t\t\t\t<div class=\"elementor-field-type-email elementor-field-group elementor-column elementor-field-group-email elementor-col-100 elementor-field-required\">\n\t\t\t\t\t\t\t\t\t\t\t\t<label for=\"form-field-email\" class=\"elementor-field-label elementor-screen-only\">\n\t\t\t\t\t\t\t\tSeu E-mail\t\t\t\t\t\t\t<\/label>\n\t\t\t\t\t\t\t\t\t\t\t\t\t\t<input size=\"1\" type=\"email\" name=\"form_fields[email]\" id=\"form-field-email\" class=\"elementor-field elementor-size-md  elementor-field-textual\" placeholder=\"Seu E-mail\" required=\"required\">\n\t\t\t\t\t\t\t\t\t\t\t<\/div>\n\t\t\t\t\t\t\t\t<div class=\"elementor-field-type-number elementor-field-group elementor-column elementor-field-group-field_e0cc8c2 elementor-col-100\">\n\t\t\t\t\t\t\t\t\t\t\t\t<label for=\"form-field-field_e0cc8c2\" class=\"elementor-field-label elementor-screen-only\">\n\t\t\t\t\t\t\t\tTelefone\/WhatsApp\t\t\t\t\t\t\t<\/label>\n\t\t\t\t\t\t\t\t\t<input type=\"number\" name=\"form_fields[field_e0cc8c2]\" id=\"form-field-field_e0cc8c2\" class=\"elementor-field elementor-size-md  elementor-field-textual\" placeholder=\"Telefone\/WhatsApp\" min=\"\" max=\"\" >\n\t\t\t\t\t\t<\/div>\n\t\t\t\t\t\t\t\t<div class=\"elementor-field-type-select elementor-field-group elementor-column elementor-field-group-field_19b6983 elementor-col-100 elementor-field-required\">\n\t\t\t\t\t\t\t\t\t\t\t\t<label for=\"form-field-field_19b6983\" class=\"elementor-field-label elementor-screen-only\">\n\t\t\t\t\t\t\t\tAssunto:\t\t\t\t\t\t\t<\/label>\n\t\t\t\t\t\t\t\t<div class=\"elementor-field elementor-select-wrapper remove-before \">\n\t\t\t<div class=\"select-caret-down-wrapper\">\n\t\t\t\t<i aria-hidden=\"true\" class=\"eicon-caret-down\"><\/i>\t\t\t<\/div>\n\t\t\t<select name=\"form_fields[field_19b6983]\" id=\"form-field-field_19b6983\" class=\"elementor-field-textual elementor-size-md\" required=\"required\">\n\t\t\t\t\t\t\t\t\t<option value=\"\">Selecionar Assunto...<\/option>\n\t\t\t\t\t\t\t\t\t<option value=\"D\u00favidas\">D\u00favidas<\/option>\n\t\t\t\t\t\t\t\t\t<option value=\"Sugest\u00f5es\">Sugest\u00f5es<\/option>\n\t\t\t\t\t\t\t\t\t<option value=\"Doa\u00e7\u00e3o\">Doa\u00e7\u00e3o<\/option>\n\t\t\t\t\t\t\t\t\t<option value=\"Quero Servir\">Quero Servir<\/option>\n\t\t\t\t\t\t\t\t\t<option value=\"Outros\">Outros<\/option>\n\t\t\t\t\t\t\t<\/select>\n\t\t<\/div>\n\t\t\t\t\t\t<\/div>\n\t\t\t\t\t\t\t\t<div class=\"elementor-field-type-textarea elementor-field-group elementor-column elementor-field-group-field_e223be3 elementor-col-100\">\n\t\t\t\t\t\t\t\t\t\t\t\t<label for=\"form-field-field_e223be3\" class=\"elementor-field-label elementor-screen-only\">\n\t\t\t\t\t\t\t\tMensagem\t\t\t\t\t\t\t<\/label>\n\t\t\t\t\t\t<textarea class=\"elementor-field-textual elementor-field  elementor-size-md\" name=\"form_fields[field_e223be3]\" id=\"form-field-field_e223be3\" rows=\"4\" placeholder=\"Mensagem\"><\/textarea>\t\t\t\t<\/div>\n\t\t\t\t\t\t\t\t<div class=\"elementor-field-type-recaptcha_v3 elementor-field-group elementor-column elementor-field-group-field_4ddbe85 elementor-col-100 recaptcha_v3-bottomleft\">\n\t\t\t\t\t<div class=\"elementor-field\" id=\"form-field-field_4ddbe85\"><div class=\"elementor-g-recaptcha\" data-sitekey=\"6Lc7M-AmAAAAAKEwNJ_6UVLxWOaz3-9ui1qbJNh4\" data-type=\"v3\" data-action=\"Form\" data-badge=\"bottomleft\" data-size=\"invisible\"><\/div><\/div>\t\t\t\t<\/div>\n\t\t\t\t\t\t\t\t<div class=\"elementor-field-group elementor-column elementor-field-type-submit elementor-col-100 e-form__buttons\">\n\t\t\t\t\t<button class=\"elementor-button elementor-size-sm\" type=\"submit\">\n\t\t\t\t\t\t<span class=\"elementor-button-content-wrapper\">\n\t\t\t\t\t\t\t\t\t\t\t\t\t\t\t\t\t\t\t\t\t\t<span class=\"elementor-button-text\">Enviar Mensagem<\/span>\n\t\t\t\t\t\t\t\t\t\t\t\t\t<\/span>\n\t\t\t\t\t<\/button>\n\t\t\t\t<\/div>\n\t\t\t<\/div>\n\t\t<\/form>\n\t\t\t\t\t\t<\/div>\n\t\t\t\t<\/div>\n\t\t\t\t<\/div>\n\t\t\t\t\t<\/div>\n\t\t\t\t<\/div>\n\t\t\t\t<\/div>\n\t\t","protected":false},"excerpt":{"rendered":"<p>Entre em contato conosco para obter mais informa\u00e7\u00f5es ou preencha o formul\u00e1rio.<\/p>\n","protected":false},"author":1,"featured_media":190,"parent":0,"menu_order":0,"comment_status":"closed","ping_status":"closed","template":"","meta":{"footnotes":""},"class_list":["post-24","page","type-page","status-publish","has-post-thumbnail","hentry"],"yoast_head":"<!-- This site is optimized with the Yoast SEO plugin v27.4 - https:\/\/yoast.com\/product\/yoast-seo-wordpress\/ -->\n<title>Contato - Minist\u00e9rio Heap<\/title>\n<meta name=\"description\" content=\"Entre em contato conosco para obter mais informa\u00e7\u00f5es ou preencha o formul\u00e1rio. Estamos aqui para ajudar e servir ao Corpo de Cristo!\" \/>\n<meta name=\"robots\" content=\"index, follow, max-snippet:-1, max-image-preview:large, max-video-preview:-1\" \/>\n<link rel=\"canonical\" href=\"https:\/\/heapministries.com\/pt\/contato\/\" \/>\n<meta property=\"og:locale\" content=\"pt_BR\" \/>\n<meta property=\"og:type\" content=\"article\" \/>\n<meta property=\"og:title\" content=\"Contato - Minist\u00e9rio Heap\" \/>\n<meta property=\"og:description\" content=\"Entre em contato conosco para obter mais informa\u00e7\u00f5es ou preencha o formul\u00e1rio. Estamos aqui para ajudar e servir ao Corpo de Cristo!\" \/>\n<meta property=\"og:url\" content=\"https:\/\/heapministries.com\/pt\/contato\/\" \/>\n<meta property=\"og:site_name\" content=\"Minist\u00e9rio Heap\" \/>\n<meta property=\"article:modified_time\" content=\"2024-04-18T17:23:47+00:00\" \/>\n<meta property=\"og:image\" content=\"https:\/\/heapministries.com\/pt\/wp-content\/uploads\/2023\/05\/4-Emergencias-habitacionais.png\" \/>\n\t<meta property=\"og:image:width\" content=\"400\" \/>\n\t<meta property=\"og:image:height\" content=\"400\" \/>\n\t<meta property=\"og:image:type\" content=\"image\/png\" \/>\n<meta name=\"twitter:card\" content=\"summary_large_image\" \/>\n<meta name=\"twitter:label1\" content=\"Est. tempo de leitura\" \/>\n\t<meta name=\"twitter:data1\" content=\"1 minuto\" \/>\n<script type=\"application\/ld+json\" class=\"yoast-schema-graph\">{\"@context\":\"https:\\\/\\\/schema.org\",\"@graph\":[{\"@type\":\"WebPage\",\"@id\":\"https:\\\/\\\/heapministries.com\\\/pt\\\/contato\\\/\",\"url\":\"https:\\\/\\\/heapministries.com\\\/pt\\\/contato\\\/\",\"name\":\"Contato - Minist\u00e9rio Heap\",\"isPartOf\":{\"@id\":\"https:\\\/\\\/heapministries.com\\\/pt\\\/#website\"},\"primaryImageOfPage\":{\"@id\":\"https:\\\/\\\/heapministries.com\\\/pt\\\/contato\\\/#primaryimage\"},\"image\":{\"@id\":\"https:\\\/\\\/heapministries.com\\\/pt\\\/contato\\\/#primaryimage\"},\"thumbnailUrl\":\"https:\\\/\\\/heapministries.com\\\/pt\\\/wp-content\\\/uploads\\\/2023\\\/05\\\/4-Emergencias-habitacionais.png\",\"datePublished\":\"2023-05-13T06:43:07+00:00\",\"dateModified\":\"2024-04-18T17:23:47+00:00\",\"description\":\"Entre em contato conosco para obter mais informa\u00e7\u00f5es ou preencha o formul\u00e1rio. Estamos aqui para ajudar e servir ao Corpo de Cristo!\",\"breadcrumb\":{\"@id\":\"https:\\\/\\\/heapministries.com\\\/pt\\\/contato\\\/#breadcrumb\"},\"inLanguage\":\"pt-BR\",\"potentialAction\":[{\"@type\":\"ReadAction\",\"target\":[\"https:\\\/\\\/heapministries.com\\\/pt\\\/contato\\\/\"]}]},{\"@type\":\"ImageObject\",\"inLanguage\":\"pt-BR\",\"@id\":\"https:\\\/\\\/heapministries.com\\\/pt\\\/contato\\\/#primaryimage\",\"url\":\"https:\\\/\\\/heapministries.com\\\/pt\\\/wp-content\\\/uploads\\\/2023\\\/05\\\/4-Emergencias-habitacionais.png\",\"contentUrl\":\"https:\\\/\\\/heapministries.com\\\/pt\\\/wp-content\\\/uploads\\\/2023\\\/05\\\/4-Emergencias-habitacionais.png\",\"width\":400,\"height\":400,\"caption\":\"contato Heap Ministries\"},{\"@type\":\"BreadcrumbList\",\"@id\":\"https:\\\/\\\/heapministries.com\\\/pt\\\/contato\\\/#breadcrumb\",\"itemListElement\":[{\"@type\":\"ListItem\",\"position\":1,\"name\":\"In\u00edcio\",\"item\":\"https:\\\/\\\/heapministries.com\\\/pt\\\/\"},{\"@type\":\"ListItem\",\"position\":2,\"name\":\"Contato\"}]},{\"@type\":\"WebSite\",\"@id\":\"https:\\\/\\\/heapministries.com\\\/pt\\\/#website\",\"url\":\"https:\\\/\\\/heapministries.com\\\/pt\\\/\",\"name\":\"Minist\u00e9rio Heap\",\"description\":\"Curando e Equipando Junto com as Fam\u00edlias Pastorais\",\"potentialAction\":[{\"@type\":\"SearchAction\",\"target\":{\"@type\":\"EntryPoint\",\"urlTemplate\":\"https:\\\/\\\/heapministries.com\\\/pt\\\/?s={search_term_string}\"},\"query-input\":{\"@type\":\"PropertyValueSpecification\",\"valueRequired\":true,\"valueName\":\"search_term_string\"}}],\"inLanguage\":\"pt-BR\"}]}<\/script>\n<!-- \/ Yoast SEO plugin. -->","yoast_head_json":{"title":"Contato - Minist\u00e9rio Heap","description":"Entre em contato conosco para obter mais informa\u00e7\u00f5es ou preencha o formul\u00e1rio. Estamos aqui para ajudar e servir ao Corpo de Cristo!","robots":{"index":"index","follow":"follow","max-snippet":"max-snippet:-1","max-image-preview":"max-image-preview:large","max-video-preview":"max-video-preview:-1"},"canonical":"https:\/\/heapministries.com\/pt\/contato\/","og_locale":"pt_BR","og_type":"article","og_title":"Contato - Minist\u00e9rio Heap","og_description":"Entre em contato conosco para obter mais informa\u00e7\u00f5es ou preencha o formul\u00e1rio. Estamos aqui para ajudar e servir ao Corpo de Cristo!","og_url":"https:\/\/heapministries.com\/pt\/contato\/","og_site_name":"Minist\u00e9rio Heap","article_modified_time":"2024-04-18T17:23:47+00:00","og_image":[{"width":400,"height":400,"url":"https:\/\/heapministries.com\/pt\/wp-content\/uploads\/2023\/05\/4-Emergencias-habitacionais.png","type":"image\/png"}],"twitter_card":"summary_large_image","twitter_misc":{"Est. tempo de leitura":"1 minuto"},"schema":{"@context":"https:\/\/schema.org","@graph":[{"@type":"WebPage","@id":"https:\/\/heapministries.com\/pt\/contato\/","url":"https:\/\/heapministries.com\/pt\/contato\/","name":"Contato - Minist\u00e9rio Heap","isPartOf":{"@id":"https:\/\/heapministries.com\/pt\/#website"},"primaryImageOfPage":{"@id":"https:\/\/heapministries.com\/pt\/contato\/#primaryimage"},"image":{"@id":"https:\/\/heapministries.com\/pt\/contato\/#primaryimage"},"thumbnailUrl":"https:\/\/heapministries.com\/pt\/wp-content\/uploads\/2023\/05\/4-Emergencias-habitacionais.png","datePublished":"2023-05-13T06:43:07+00:00","dateModified":"2024-04-18T17:23:47+00:00","description":"Entre em contato conosco para obter mais informa\u00e7\u00f5es ou preencha o formul\u00e1rio. Estamos aqui para ajudar e servir ao Corpo de Cristo!","breadcrumb":{"@id":"https:\/\/heapministries.com\/pt\/contato\/#breadcrumb"},"inLanguage":"pt-BR","potentialAction":[{"@type":"ReadAction","target":["https:\/\/heapministries.com\/pt\/contato\/"]}]},{"@type":"ImageObject","inLanguage":"pt-BR","@id":"https:\/\/heapministries.com\/pt\/contato\/#primaryimage","url":"https:\/\/heapministries.com\/pt\/wp-content\/uploads\/2023\/05\/4-Emergencias-habitacionais.png","contentUrl":"https:\/\/heapministries.com\/pt\/wp-content\/uploads\/2023\/05\/4-Emergencias-habitacionais.png","width":400,"height":400,"caption":"contato Heap Ministries"},{"@type":"BreadcrumbList","@id":"https:\/\/heapministries.com\/pt\/contato\/#breadcrumb","itemListElement":[{"@type":"ListItem","position":1,"name":"In\u00edcio","item":"https:\/\/heapministries.com\/pt\/"},{"@type":"ListItem","position":2,"name":"Contato"}]},{"@type":"WebSite","@id":"https:\/\/heapministries.com\/pt\/#website","url":"https:\/\/heapministries.com\/pt\/","name":"Minist\u00e9rio Heap","description":"Curando e Equipando Junto com as Fam\u00edlias Pastorais","potentialAction":[{"@type":"SearchAction","target":{"@type":"EntryPoint","urlTemplate":"https:\/\/heapministries.com\/pt\/?s={search_term_string}"},"query-input":{"@type":"PropertyValueSpecification","valueRequired":true,"valueName":"search_term_string"}}],"inLanguage":"pt-BR"}]}},"_links":{"self":[{"href":"https:\/\/heapministries.com\/pt\/wp-json\/wp\/v2\/pages\/24","targetHints":{"allow":["GET"]}}],"collection":[{"href":"https:\/\/heapministries.com\/pt\/wp-json\/wp\/v2\/pages"}],"about":[{"href":"https:\/\/heapministries.com\/pt\/wp-json\/wp\/v2\/types\/page"}],"author":[{"embeddable":true,"href":"https:\/\/heapministries.com\/pt\/wp-json\/wp\/v2\/users\/1"}],"replies":[{"embeddable":true,"href":"https:\/\/heapministries.com\/pt\/wp-json\/wp\/v2\/comments?post=24"}],"version-history":[{"count":36,"href":"https:\/\/heapministries.com\/pt\/wp-json\/wp\/v2\/pages\/24\/revisions"}],"predecessor-version":[{"id":1211,"href":"https:\/\/heapministries.com\/pt\/wp-json\/wp\/v2\/pages\/24\/revisions\/1211"}],"wp:featuredmedia":[{"embeddable":true,"href":"https:\/\/heapministries.com\/pt\/wp-json\/wp\/v2\/media\/190"}],"wp:attachment":[{"href":"https:\/\/heapministries.com\/pt\/wp-json\/wp\/v2\/media?parent=24"}],"curies":[{"name":"wp","href":"https:\/\/api.w.org\/{rel}","templated":true}]}}